{"id":700,"date":"2018-10-25T10:24:50","date_gmt":"2018-10-25T08:24:50","guid":{"rendered":"https:\/\/www.grupocomarea.com\/marina\/?page_id=700"},"modified":"2018-10-25T10:27:09","modified_gmt":"2018-10-25T08:27:09","slug":"politica-de-cookies","status":"publish","type":"page","link":"https:\/\/www.grupocomarea.com\/marina\/politica-de-cookies\/","title":{"rendered":"Pol\u00edtica de Cookies"},"content":{"rendered":"<div class=\"wpb-content-wrapper\"><p>[vc_row row_type=\u00bbparallax\u00bb parallax_content_width=\u00bbin_grid\u00bb text_align=\u00bbcenter\u00bb background_image=\u00bb602&#8243; full_screen_section_height=\u00bbno\u00bb section_height=\u00bb568&#8243;][vc_column][qode_elements_holder number_of_columns=\u00bbone_column\u00bb][qode_elements_holder_item item_padding=\u00bb20% 0&#8243; advanced_animations=\u00bbno\u00bb][vc_column_text]<\/p>\n<h1><span style=\"color: #ffffff;\">Pol\u00edtica de Cookies<\/span><\/h1>\n<p>[\/vc_column_text][\/qode_elements_holder_item][\/qode_elements_holder][\/vc_column][\/vc_row][vc_row css_animation=\u00bb\u00bb row_type=\u00bbrow\u00bb use_row_as_full_screen_section=\u00bbno\u00bb type=\u00bbfull_width\u00bb angled_section=\u00bbno\u00bb text_align=\u00bbleft\u00bb background_image_as_pattern=\u00bbwithout_pattern\u00bb][vc_column][vc_empty_space height=\u00bb50px\u00bb][\/vc_column][\/vc_row][vc_row css_animation=\u00bb\u00bb row_type=\u00bbrow\u00bb use_row_as_full_screen_section=\u00bbno\u00bb type=\u00bbgrid\u00bb angled_section=\u00bbno\u00bb text_align=\u00bbleft\u00bb background_image_as_pattern=\u00bbwithout_pattern\u00bb z_index=\u00bb\u00bb][vc_column][vc_column_text]Comarea Marina podr\u00e1 utilizar cookies para personalizar, facilitando la navegaci\u00f3n del usuario en su p\u00e1gina Web. Los cookies se asocian \u00fanicamente a usuarios an\u00f3nimos y, un ordenador en concreto y, no proporcionan referencias que permitan personalizar datos del mismo, pudiendo configurar su navegador para que notifique y rechace la instalaci\u00f3n de los mismos, sin que ello perjudique la posibilidad del usuario de poder acceder a las distintas zonas de la Web, excepto a la zona privada.<\/p>\n<p>&nbsp;<\/p>\n<p>En cumplimiento de la Ley 34\/2002 de Servicios de la Sociedad de la Informaci\u00f3n y Comercio Electr\u00f3nico LSSICE y sus modificaciones del Real Decreto-ley 13\/2012, de 30 de marzo, que afectan al uso de cookies y a los env\u00edos comerciales por correo electr\u00f3nico, y en cumplimiento de la Directiva Europea 2009\/136\/CE, le informamos que nuestro sitio web https:\/\/www.grupocomarea.com\/marina colocar\u00e1 cookies en su ordenador para ayudar a mejorar la navegaci\u00f3n en su web y obtener datos estad\u00edsticos.<\/p>\n<p>&nbsp;<\/p>\n<p>\u00bfQu\u00e9 cookies utilizamos?<\/p>\n<ul>\n<li>Cookies de sesi\u00f3n: Son un tipo de cookies dise\u00f1adas para recabar y almacenar datos mientras el usuario accede a una p\u00e1gina web. Son cookies temporales que permanecen en el archivo de cookies de su navegador hasta que abandone la p\u00e1gina web, por lo que ninguna queda registrada en el disco duro del usuario. Estas cookies no recogen ninguna informaci\u00f3n sobre su navegaci\u00f3n que pueda ser utilizada por acciones de marketing o para recordar por qu\u00e9 p\u00e1ginas ha navegado.<\/li>\n<li>Cookies de an\u00e1lisis: Son aqu\u00e9llas que nos permiten cuantificar el n\u00famero de usuarios y as\u00ed realizar la medici\u00f3n y an\u00e1lisis de la utilizaci\u00f3n que hacen del servicio ofertado. Los fines son puramente estad\u00edsticos y nos sirven para poder mejorar nuestros contenidos.<\/li>\n<\/ul>\n<p>&nbsp;<\/p>\n<p>\u00bfQu\u00e9 son las cookies?<\/p>\n<p>Las cookies son archivos que las p\u00e1ginas web almacenan en el navegador del usuario que las visita, necesarias para aportar a la navegaci\u00f3n web ventajas en la prestaci\u00f3n de servicios interactivos.<\/p>\n<p>&nbsp;<\/p>\n<p>Tipos posibles de cookies<\/p>\n<ul>\n<li>Cookies de sesi\u00f3n: Son un tipo de cookies dise\u00f1adas para recabar y almacenar datos mientras el usuario accede a una p\u00e1gina web, y no queda registrada en el disco del usuario.<\/li>\n<li>Cookies persistentes: Son un tipo de cookies en el que los datos siguen almacenados en el terminal y pueden ser accedidos y tratados durante un periodo definido por el responsable de la cookie, y que puede ir de unos minutos a varios a\u00f1os.<\/li>\n<\/ul>\n<p>Las cookies tambi\u00e9n pueden ser:<\/p>\n<ul>\n<li>Propias: son cookies generadas por la propia p\u00e1gina web que se est\u00e1 visitando.<\/li>\n<li>De terceros: son cookies que se reciben al navegar por esa p\u00e1gina web, pero que han sido generadas por un tercer servicio que se encuentra hospedado en ella.<\/li>\n<\/ul>\n<p>Fines de las cookies<\/p>\n<ul>\n<li>Fines t\u00e9cnicos: Son necesarias para el funcionamiento de la p\u00e1gina web. Son las denominadas tambi\u00e9n estrictamente necesarias. Hacen posible el control de tr\u00e1fico desde el servidor a m\u00faltiples usuarios a la vez, la identificaci\u00f3n y el acceso como usuario del sistema, etc.<\/li>\n<li>Personalizaci\u00f3n: Hacen posible que cada usuario pueda configurar aspectos como el lenguaje en el que desea ver la p\u00e1gina web o la configuraci\u00f3n regional.<\/li>\n<li>An\u00e1lisis o rendimiento: Permiten medir el n\u00famero de visitas y criterios de navegaci\u00f3n de diferentes \u00e1reas de la web de forma an\u00f3nima.<\/li>\n<li>Publicidad: Permiten implementar par\u00e1metros de eficiencia en la publicidad ofrecida en las p\u00e1ginas web.<\/li>\n<li>Publicidad comportamental: Permiten implementar par\u00e1metros de eficiencia en la publicidad ofrecida en las p\u00e1ginas web, basados en informaci\u00f3n sobre el comportamiento de los usuarios.<\/li>\n<\/ul>\n<p>&nbsp;<\/p>\n<p>Aceptaci\u00f3n de la Pol\u00edtica de cookies<\/p>\n<p>Las cookies que utilizamos no almacenan dato personal alguno, ni ning\u00fan tipo de informaci\u00f3n que pueda identificarle, salvo que quieran registrarse de forma voluntaria con el fin de utilizar los servicios que ponemos a su disposici\u00f3n o de recibir informaci\u00f3n sobre promociones, consultas desde los formularios y contenidos de su inter\u00e9s.\u00a0<strong>En caso de no estar de acuerdo env\u00ede un correo electr\u00f3nico a: info@grupocomarea.com<\/strong><\/p>\n<p>Comarea Marina asume que usted acepta el uso de cookies si contin\u00faa navegando.<\/p>\n<p>C\u00f3mo modificar la configuraci\u00f3n de las cookies<\/p>\n<p>Usted puede restringir, bloquear o borrar las cookies de esta p\u00e1gina web o cualquier otra p\u00e1gina web, utilizando su navegador. En cada navegador la operativa es diferente, la funci\u00f3n de \u2018Ayuda\u201d le mostrar\u00e1 c\u00f3mo hacerlo.<\/p>\n<p>C\u00f3mo desinstalar cookies<\/p>\n<p>Si quieres borrar de tu navegador las cookies registradas por https:\/\/www.grupocomarea.com\/marina, aqu\u00ed tienes enlaces a instrucciones para distintos navegadores:<\/p>\n<ul>\n<li>Internet Explorer:\u00a0<a href=\"http:\/\/windows.microsoft.com\/es-es\/internet-explorer\/delete-manage-cookies\">http:\/\/windows.microsoft.com\/es-es\/internet-explorer\/delete-manage-cookies<\/a><\/li>\n<li>Google Chrome:\u00a0<a href=\"https:\/\/support.google.com\/chrome\/answer\/95647\">https:\/\/support.google.com\/chrome\/answer\/95647<\/a><\/li>\n<li>Firefox:\u00a0<a href=\"http:\/\/support.mozilla.org\/kb\/delete-cookies-remove-info-websites-stored\">http:\/\/support.mozilla.org\/kb\/delete-cookies-remove-info-websites-stored<\/a><\/li>\n<li>Safari:\u00a0<a href=\"http:\/\/support.apple.com\/kb\/ph11920\">http:\/\/support.apple.com\/kb\/ph11920<\/a>\u00a0(en ingl\u00e9s) Entra al men\u00fa Safari &gt; Preferencias. En la secci\u00f3n Privacidad, pulsa el bot\u00f3n Detalles Selecciona el sitio web que almacena cookies y pulsa Eliminar, o pulsa Eliminar Todos para borrar todas las cookies<\/li>\n<\/ul>\n<p>&nbsp;<\/p>\n<p>Modificaciones:<\/p>\n<p>La p\u00e1gina web grupocomarea.es\/marina\u00a0 titularidad de Comarea Marina puede modificar esta pol\u00edtica de cookies en funci\u00f3n de las exigencias legales. O con la finalidad de adaptar dicha pol\u00edtica a las instrucciones dictadas por la Agencia Espa\u00f1ola de Protecci\u00f3n de Datos.<\/p>\n<p>Por esta raz\u00f3n, aconsejamos a los usuarios que la visiten peri\u00f3dicamente. Cuando se produzcan cambios significativos en esta pol\u00edtica de cookies, se comunicar\u00e1n a los usuarios, bien mediante la web o a trav\u00e9s de correo electr\u00f3nico a los usuarios registrados.[\/vc_column_text][\/vc_column][\/vc_row][vc_row css_animation=\u00bb\u00bb row_type=\u00bbrow\u00bb use_row_as_full_screen_section=\u00bbno\u00bb type=\u00bbfull_width\u00bb angled_section=\u00bbno\u00bb text_align=\u00bbleft\u00bb background_image_as_pattern=\u00bbwithout_pattern\u00bb][vc_column][vc_empty_space height=\u00bb50px\u00bb][\/vc_column][\/vc_row]<\/p>\n<\/div>","protected":false},"excerpt":{"rendered":"<p>[vc_row row_type=\u00bbparallax\u00bb parallax_content_width=\u00bbin_grid\u00bb text_align=\u00bbcenter\u00bb background_image=\u00bb602&#8243; full_screen_section_height=\u00bbno\u00bb section_height=\u00bb568&#8243;][vc_column][qode_elements_holder number_of_columns=\u00bbone_column\u00bb][qode_elements_holder_item item_padding=\u00bb20% 0&#8243; advanced_animations=\u00bbno\u00bb][vc_column_text] Pol\u00edtica de Cookies [\/vc_column_text][\/qode_elements_holder_item][\/qode_elements_holder][\/vc_column][\/vc_row][vc_row css_animation=\u00bb\u00bb row_type=\u00bbrow\u00bb use_row_as_full_screen_section=\u00bbno\u00bb type=\u00bbfull_width\u00bb angled_section=\u00bbno\u00bb text_align=\u00bbleft\u00bb background_image_as_pattern=\u00bbwithout_pattern\u00bb][vc_column][vc_empty_space height=\u00bb50px\u00bb][\/vc_column][\/vc_row][vc_row css_animation=\u00bb\u00bb row_type=\u00bbrow\u00bb use_row_as_full_screen_section=\u00bbno\u00bb type=\u00bbgrid\u00bb angled_section=\u00bbno\u00bb text_align=\u00bbleft\u00bb background_image_as_pattern=\u00bbwithout_pattern\u00bb z_index=\u00bb\u00bb][vc_column][vc_column_text]Comarea Marina podr\u00e1 utilizar cookies para personalizar, facilitando la navegaci\u00f3n del usuario en su p\u00e1gina&#8230;<\/p>\n","protected":false},"author":1,"featured_media":0,"parent":0,"menu_order":0,"comment_status":"closed","ping_status":"closed","template":"full_width.php","meta":{"_acf_changed":false,"footnotes":""},"class_list":["post-700","page","type-page","status-publish","hentry"],"acf":[],"_links":{"self":[{"href":"https:\/\/www.grupocomarea.com\/marina\/wp-json\/wp\/v2\/pages\/700"}],"collection":[{"href":"https:\/\/www.grupocomarea.com\/marina\/wp-json\/wp\/v2\/pages"}],"about":[{"href":"https:\/\/www.grupocomarea.com\/marina\/wp-json\/wp\/v2\/types\/page"}],"author":[{"embeddable":true,"href":"https:\/\/www.grupocomarea.com\/marina\/wp-json\/wp\/v2\/users\/1"}],"replies":[{"embeddable":true,"href":"https:\/\/www.grupocomarea.com\/marina\/wp-json\/wp\/v2\/comments?post=700"}],"version-history":[{"count":2,"href":"https:\/\/www.grupocomarea.com\/marina\/wp-json\/wp\/v2\/pages\/700\/revisions"}],"predecessor-version":[{"id":702,"href":"https:\/\/www.grupocomarea.com\/marina\/wp-json\/wp\/v2\/pages\/700\/revisions\/702"}],"wp:attachment":[{"href":"https:\/\/www.grupocomarea.com\/marina\/wp-json\/wp\/v2\/media?parent=700"}],"curies":[{"name":"wp","href":"https:\/\/api.w.org\/{rel}","templated":true}]}}