{"id":3,"date":"2018-10-17T15:45:41","date_gmt":"2018-10-17T15:45:41","guid":{"rendered":"http:\/\/grupocomarea.com\/matogrande\/?page_id=3"},"modified":"2023-06-28T09:25:25","modified_gmt":"2023-06-28T08:25:25","slug":"politica-privacidad","status":"publish","type":"page","link":"https:\/\/www.grupocomarea.com\/vinoteca\/politica-privacidad\/","title":{"rendered":"Pol\u00edtica de privacidad"},"content":{"rendered":"<div class=\"wpb-content-wrapper\"><p>[vc_row row_type=\u00bbparallax\u00bb parallax_content_width=\u00bbin_grid\u00bb text_align=\u00bbcenter\u00bb full_screen_section_height=\u00bbno\u00bb background_image=\u00bb588&#8243; section_height=\u00bb568&#8243;][vc_column][qode_elements_holder number_of_columns=\u00bbone_column\u00bb][qode_elements_holder_item advanced_animations=\u00bbno\u00bb item_padding=\u00bb20% 0&#8243;][vc_column_text]<\/p>\n<h1><span style=\"color: #ffffff;\">Pol\u00edtica de Privacidad<\/span><\/h1>\n<h1><span style=\"color: #ffffff;\">\u00a0<\/span><\/h1>\n<p>[\/vc_column_text][\/qode_elements_holder_item][\/qode_elements_holder][\/vc_column][\/vc_row][vc_row css_animation=\u00bb\u00bb row_type=\u00bbrow\u00bb use_row_as_full_screen_section=\u00bbno\u00bb type=\u00bbfull_width\u00bb angled_section=\u00bbno\u00bb text_align=\u00bbleft\u00bb background_image_as_pattern=\u00bbwithout_pattern\u00bb][vc_column][vc_empty_space height=\u00bb50px\u00bb][\/vc_column][\/vc_row][vc_row css_animation=\u00bb\u00bb row_type=\u00bbrow\u00bb use_row_as_full_screen_section=\u00bbno\u00bb type=\u00bbgrid\u00bb angled_section=\u00bbno\u00bb text_align=\u00bbleft\u00bb background_image_as_pattern=\u00bbwithout_pattern\u00bb z_index=\u00bb\u00bb][vc_column][vc_column_text]POL\u00cdTICA DE PROTECCI\u00d3N DE DATOS DE CAR\u00c1CTER PERSONAL<\/p>\n<p>&nbsp;<\/p>\n<p>En cumplimiento de lo establecido en el Reglamento General de Protecci\u00f3n de datos (UE) 2016\/679 del Parlamento Europeo y del Consejo, de 27 de abril de 2016, relativo a la protecci\u00f3n de las personas f\u00edsicas en lo que respecta al tratamiento de datos personales y a la libre circulaci\u00f3n de estos datos, a Ley Org\u00e1nica 15\/1999, de 13 de diciembre, de Protecci\u00f3n de Datos de Car\u00e1cter Personal y el Real Decreto 1720\/2007, de 21 de diciembre, que aprueba el Reglamento de desarrollo de la citada Ley Org\u00e1nica.<\/p>\n<p>Comarea, S.L., informa a los usuarios de su sitio Web acerca de su Pol\u00edtica de Protecci\u00f3n de Datos Personales (en adelante PPDP), acorde al Reglamento (UE) 2016\/679. Con la finalidad de que \u00e9stos decidan libre y voluntariamente si desean facilitar los datos personales que se les soliciten en su p\u00e1gina Web o a la correspondiente aplicaci\u00f3n m\u00f3vil.<\/p>\n<p>Comarea, S.L., se reserva el derecho de modificar su PPDP de acuerdo a su criterio, a causa de un cambio legislativo, jurisprudencial o en la pr\u00e1ctica empresarial. Si introdujese alguna modificaci\u00f3n, el nuevo texto ser\u00e1 publicado en este mismo enlace, donde el usuario podr\u00e1 tener conocimiento de la PPDP actual. En cualquier caso, la relaci\u00f3n con los usuarios se regir\u00e1 por las normas previstas en el momento preciso en que se accede al enlace.<\/p>\n<p>&nbsp;<\/p>\n<p>Comarea, S.L., es titular de la base de datos generada con los datos de car\u00e1cter personal suministrados por los usuarios en los distintos formularios de la Web o a la correspondiente aplicaci\u00f3n m\u00f3vil, y cumple con la normativa vigente. Ud. consiente que dichos datos, sean tratados por Comarea, S.L., para la gesti\u00f3n de los servicios solicitados o contratados por Ud. a Comarea, S.L., Ud. consiente expresamente que sus datos personales puedan ser utilizados para desarrollar acciones publicitarias o de prospecci\u00f3n comercial incluso a trav\u00e9s de medios electr\u00f3nicos, de productos y servicios de nuestra actividad profesional y el mantenimiento de un hist\u00f3rico de relaciones comerciales, siempre y cuando nos marque la casilla destinada al efecto.<\/p>\n<p>&nbsp;<\/p>\n<p>En nombre de la empresa tratamos la informaci\u00f3n que nos facilita con el fin de prestarles el servicio solicitado, realizar la facturaci\u00f3n del mismo. Los datos proporcionados se conservar\u00e1n mientras se mantenga la relaci\u00f3n comercial o durante los a\u00f1os necesarios para cumplir con las obligaciones legales. Los datos no se ceder\u00e1n a terceros salvo en los casos que exista una obligaci\u00f3n legal,de acuerdo con lo descrito en el Art\u00edculo. 28 del Reglamento (UE) 2016\/679. Usted tiene derecho a obtener confirmaci\u00f3n sobre si en Comarea, S.L. estamos tratando sus datos personales por tanto tiene derecho a acceder a sus datos personales, rectificar los datos inexactos o solicitar su supresi\u00f3n cuando los datos ya no sean necesarios<\/p>\n<p>&nbsp;<\/p>\n<p>El responsable del fichero se compromete a cumplir con la obligaci\u00f3n de secreto establecida en la legislaci\u00f3n aplicable, respecto de los datos personales contenidos en los ficheros automatizados. As\u00ed mismo, se informa al usuario la posibilidad de ejercitar sus derechos de acceso, rectificaci\u00f3n, supresi\u00f3n, portabilidad y la limitaci\u00f3n u oposici\u00f3n dirigi\u00e9ndose por escrito a la direcci\u00f3n del Responsable, indicando \u201cejercicio derechos protecci\u00f3n de datos\u201d o a trav\u00e9s de la siguiente direcci\u00f3n electr\u00f3nica: info@grupocomarea.com. Los interesados tendr\u00e1n derecho a retirar el consentimiento prestado en cualquier momento de acuerdo con lo establecido en el Art\u00edculo. 7 del Reglamento (UE) 2016\/679. La retirada del consentimiento no afectar\u00e1 a la licitud del tratamiento basada en el consentimiento previo a su retirada.<\/p>\n<p>&nbsp;<\/p>\n<p>Si usted tiene alguna informaci\u00f3n, sugerencia o consulta que hacer en alg\u00fan tema relacionado con la seguridad de los sistemas de comercio electr\u00f3nico y\/o con la Pol\u00edtica de Protecci\u00f3n de Datos Personales, le agradeceremos env\u00ede un correo a la direcci\u00f3n arriba indicada y, en \u201cAsunto\u201d escriba \u201cConsulta Sugerencia\u201d.<\/p>\n<p>&nbsp;<\/p>\n<p>Si el motivo del contacto con Grupo Comarea, fuera una reclamaci\u00f3n o queja que tuviera relaci\u00f3n con cualquier vulneraci\u00f3n de su privacidad o una reclamaci\u00f3n por fallos en la seguridad de sus sistemas de comercio electr\u00f3nico, puede enviar un correo indicando en el campo \u201cAsunto\u201d la palabra \u201cReclamaci\u00f3n\u201d a la cuenta de correo que arriba se indica. Grupo Comarea, se compromete a dar una soluci\u00f3n a su reclamaci\u00f3n o queja en un plazo de 15 d\u00edas, notific\u00e1ndosela por el medio que usted nos indique.[\/vc_column_text][\/vc_column][\/vc_row][vc_row css_animation=\u00bb\u00bb row_type=\u00bbrow\u00bb use_row_as_full_screen_section=\u00bbno\u00bb type=\u00bbfull_width\u00bb angled_section=\u00bbno\u00bb text_align=\u00bbleft\u00bb background_image_as_pattern=\u00bbwithout_pattern\u00bb][vc_column][vc_empty_space height=\u00bb50px\u00bb][\/vc_column][\/vc_row]<\/p>\n<\/div>","protected":false},"excerpt":{"rendered":"<p>[vc_row row_type=\u00bbparallax\u00bb parallax_content_width=\u00bbin_grid\u00bb text_align=\u00bbcenter\u00bb full_screen_section_height=\u00bbno\u00bb background_image=\u00bb588&#8243; section_height=\u00bb568&#8243;][vc_column][qode_elements_holder number_of_columns=\u00bbone_column\u00bb][qode_elements_holder_item advanced_animations=\u00bbno\u00bb item_padding=\u00bb20% 0&#8243;][vc_column_text] Pol\u00edtica de Privacidad \u00a0 [\/vc_column_text][\/qode_elements_holder_item][\/qode_elements_holder][\/vc_column][\/vc_row][vc_row css_animation=\u00bb\u00bb row_type=\u00bbrow\u00bb use_row_as_full_screen_section=\u00bbno\u00bb type=\u00bbfull_width\u00bb angled_section=\u00bbno\u00bb text_align=\u00bbleft\u00bb background_image_as_pattern=\u00bbwithout_pattern\u00bb][vc_column][vc_empty_space height=\u00bb50px\u00bb][\/vc_column][\/vc_row][vc_row css_animation=\u00bb\u00bb row_type=\u00bbrow\u00bb use_row_as_full_screen_section=\u00bbno\u00bb type=\u00bbgrid\u00bb angled_section=\u00bbno\u00bb text_align=\u00bbleft\u00bb background_image_as_pattern=\u00bbwithout_pattern\u00bb z_index=\u00bb\u00bb][vc_column][vc_column_text]POL\u00cdTICA DE PROTECCI\u00d3N DE DATOS DE CAR\u00c1CTER PERSONAL &nbsp; En cumplimiento de lo establecido&#8230;<\/p>\n","protected":false},"author":1,"featured_media":0,"parent":0,"menu_order":0,"comment_status":"closed","ping_status":"open","template":"full_width.php","meta":{"footnotes":""},"class_list":["post-3","page","type-page","status-publish","hentry"],"_links":{"self":[{"href":"https:\/\/www.grupocomarea.com\/vinoteca\/wp-json\/wp\/v2\/pages\/3"}],"collection":[{"href":"https:\/\/www.grupocomarea.com\/vinoteca\/wp-json\/wp\/v2\/pages"}],"about":[{"href":"https:\/\/www.grupocomarea.com\/vinoteca\/wp-json\/wp\/v2\/types\/page"}],"author":[{"embeddable":true,"href":"https:\/\/www.grupocomarea.com\/vinoteca\/wp-json\/wp\/v2\/users\/1"}],"replies":[{"embeddable":true,"href":"https:\/\/www.grupocomarea.com\/vinoteca\/wp-json\/wp\/v2\/comments?post=3"}],"version-history":[{"count":4,"href":"https:\/\/www.grupocomarea.com\/vinoteca\/wp-json\/wp\/v2\/pages\/3\/revisions"}],"predecessor-version":[{"id":760,"href":"https:\/\/www.grupocomarea.com\/vinoteca\/wp-json\/wp\/v2\/pages\/3\/revisions\/760"}],"wp:attachment":[{"href":"https:\/\/www.grupocomarea.com\/vinoteca\/wp-json\/wp\/v2\/media?parent=3"}],"curies":[{"name":"wp","href":"https:\/\/api.w.org\/{rel}","templated":true}]}}